{"id":5560,"date":"2020-11-23T11:19:42","date_gmt":"2020-11-23T10:19:42","guid":{"rendered":"https:\/\/www.hermes-sp.eu\/?page_id=5560"},"modified":"2021-04-27T00:45:28","modified_gmt":"2021-04-26T22:45:28","slug":"outreach","status":"publish","type":"page","link":"https:\/\/www.hermes-sp.eu\/?page_id=5560","title":{"rendered":"Outreach"},"content":{"rendered":"\n<div class=\"wpem-single-event-short-info\">\n<div class=\"wpem-event-details\">\n<div class=\"wpem-event-title\">\n<h3><img loading=\"lazy\" decoding=\"async\" class=\"alignleft wp-image-5997 size-medium\" src=\"https:\/\/www.hermes-sp.eu\/wp-content\/uploads\/2021\/04\/174253117_293624705507095_3304008410397646669_n-copia-212x300.jpg\" alt=\"\" width=\"212\" height=\"300\" srcset=\"https:\/\/www.hermes-sp.eu\/wp-content\/uploads\/2021\/04\/174253117_293624705507095_3304008410397646669_n-copia-212x300.jpg 212w, https:\/\/www.hermes-sp.eu\/wp-content\/uploads\/2021\/04\/174253117_293624705507095_3304008410397646669_n-copia-728x1030.jpg 728w, https:\/\/www.hermes-sp.eu\/wp-content\/uploads\/2021\/04\/174253117_293624705507095_3304008410397646669_n-copia-768x1086.jpg 768w, https:\/\/www.hermes-sp.eu\/wp-content\/uploads\/2021\/04\/174253117_293624705507095_3304008410397646669_n-copia-1086x1536.jpg 1086w, https:\/\/www.hermes-sp.eu\/wp-content\/uploads\/2021\/04\/174253117_293624705507095_3304008410397646669_n-copia.jpg 1316w\" sizes=\"auto, (max-width: 212px) 100vw, 212px\" \/><\/h3>\n<\/div>\n<\/div>\n<\/div>\n<p>Ciclo di incontri divulgativi online su temi di astrofisica e spazio, in collaborazione con il progetto europeo HERMES.<\/p>\n<p><em><strong>Marted\u00ec 27 aprile<\/strong><\/em><\/p>\n<p><strong>HERMES: a caccia dei segreti dell\u2019universo<\/strong><\/p>\n<p>Fabrizio Fiore (INAF-Osservatorio Astronomico di Trieste),<br \/>Pierluigi Bellutti (FBK)<\/p>\n<p><em><strong>Marted\u00ec 11 maggio<\/strong><\/em><\/p>\n<p><strong>Le onde gravitazionali e le frontiere dello spazio-tempo<\/strong><\/p>\n<p>Marica Branchesi (Gran Sasso Science Institute),<br \/>Luciano Burderi (Universit\u00e0 di Cagliari)<\/p>\n<p><em><strong>Marted\u00ec 25 maggio\u00a0<\/strong><\/em><\/p>\n<p><strong>Segnali dallo spazio profondo: i lampi di raggi gamma e i lampi radio veloci<\/strong><\/p>\n<p>Lara Nava (INAF-Osservatorio Astronomico di Brera),<br \/>Maura Pilia (INAF-Osservatorio Astronomico di Cagliari)<\/p>\n<p><em><strong>Marted\u00ec 8 giugno<\/strong><\/em><\/p>\n<p><strong>Ritorno alla base: le tecnologie spaziali utili sulla Terra<\/strong><\/p>\n<p>Franco Ongaro (Agenzia Spaziale Europea),<br \/>Mich\u00e8le Lavagna (Politecnico di Milano),<br \/>Pierluigi Bellutti (FBK)<\/p>\n<p>Il ciclo di eventi verr\u00e0 trasmesso in diretta streaming sui canali <a href=\"https:\/\/m.facebook.com\/CosmosFBK\/\">Facebook<\/a> e Youtube della <a href=\"https:\/\/www.youtube.com\/c\/FBKresearch\/\">Fondazione Bruno Kessler<\/a>.<\/p>\n<hr \/>\n<div class=\"wpem-single-event-short-info\">\n<div class=\"wpem-event-details\">\n<div class=\"wpem-event-title\">\n<h3 class=\"wpem-heading-text\" style=\"text-align: justify;\"><img loading=\"lazy\" decoding=\"async\" class=\"alignleft wp-image-5593 size-medium\" src=\"https:\/\/www.hermes-sp.eu\/wp-content\/uploads\/2020\/11\/sharper-2-300x251.png\" alt=\"\" width=\"300\" height=\"251\" srcset=\"https:\/\/www.hermes-sp.eu\/wp-content\/uploads\/2020\/11\/sharper-2-300x251.png 300w, https:\/\/www.hermes-sp.eu\/wp-content\/uploads\/2020\/11\/sharper-2-768x644.png 768w, https:\/\/www.hermes-sp.eu\/wp-content\/uploads\/2020\/11\/sharper-2.png 940w\" sizes=\"auto, (max-width: 300px) 100vw, 300px\" \/><\/h3>\n<p>\u00a0<\/p>\n<p><em>Venerd\u00ec 27 novembre ore 19:30<\/em><\/p>\n<p class=\"wpem-heading-text\" style=\"text-align: justify;\"><span style=\"font-size: 12pt;\">SPAZIO (4.0), L\u2019ULTIMA FRONTIERA \u2013 A tu per tu con i ricercatori: inseguendo gli obiettivi<\/span><\/p>\n<\/div>\n<\/div>\n<\/div>\n<div class=\"wpem-single-event-body-content\">\n<p style=\"text-align: justify;\">Fabrizio Fiore, dell\u2019<a href=\"http:\/\/www.oats.inaf.it\/index.php\/it\/\">INAF-Osservatorio Astronomico di Trieste<\/a> e Hermes-SP Scientific Coordinator parler\u00e0 in diretta alla Notte dei Ricercatori.<\/p>\n<p style=\"text-align: justify;\">Quando l\u2019Uomo arriv\u00f2 sulla Luna il 20 luglio 1969 tutti pensavamo che i decenni successivi avrebbero visto astronavi sfrecciare per tutto il Sistema Solare, costruire basi sulla Luna, colonizzare Marte. Non \u00e8 andata cos\u00ec. La nazione che ci ha portato sulla Luna negli anni \u201960 oggi ha recuperato la capacit\u00e0 di lanciare in orbita astronauti solo grazie a una impresa privata, Space-X, uno degli esponenti principali del cos\u00ec detto Spazio 4.0. In questa nuova era lo Spazio sta evolvendo da riserva di pochi governi e poche grandi industrie, a una arena che ospita migliaia di attori, che includono industrie grandi, medie e piccole, universit\u00e0 e centri di ricerca, e nuovi paesi che si affacciano all\u2019esplorazione e all\u2019utilizzo dello Spazio per la prima volta. Lo Spazio (4.0) sta finalmente diventando l\u2019ultima frontiera<\/p>\n<\/div>\n<p style=\"text-align: justify;\"><i>In diretta streaming su <a href=\"http:\/\/www.immaginarioscientifico.it\/\" target=\"_blank\" rel=\"noopener noreferrer\" data-saferedirecturl=\"https:\/\/www.google.com\/url?q=http:\/\/www.immaginarioscientifico.it\/&amp;source=gmail&amp;ust=1606383489916000&amp;usg=AFQjCNEDZsd0tIv0iWNh2uDWoQ9nwA0D9g\">www.immaginarioscientifico.it<\/a> e <a href=\"http:\/\/www.ilpiccolo.it\/\" target=\"_blank\" rel=\"noopener noreferrer\" data-saferedirecturl=\"https:\/\/www.google.com\/url?q=http:\/\/www.ilpiccolo.it\/&amp;source=gmail&amp;ust=1606383489916000&amp;usg=AFQjCNEf964CxAdGyskbLJKyh5R5tgNJKg\">www.ilpiccolo.it<\/a><\/i><\/p>\n<p style=\"text-align: justify;\"><a href=\"https:\/\/www.sharper-night.it\/evento\/intervista-spazio-4-0-lultima-frontiera-a-tu-per-tu-con-i-ricercatori-inseguendo-gli-obiettivi\/\">Ulteriori informazioni sulla pagina dell&#8217;evento<\/a><\/p>\n\n\n\n<hr class=\"wp-block-separator\"\/>\n\n\n\n<p dir=\"auto\"><em>M<img loading=\"lazy\" decoding=\"async\" class=\"alignleft wp-image-5568 size-medium\" src=\"https:\/\/www.hermes-sp.eu\/wp-content\/uploads\/2020\/11\/Gray-Hashtag-Flatlay-Coffee-Facebook-Post-300x251.png\" alt=\"\" width=\"300\" height=\"251\" srcset=\"https:\/\/www.hermes-sp.eu\/wp-content\/uploads\/2020\/11\/Gray-Hashtag-Flatlay-Coffee-Facebook-Post-300x251.png 300w, https:\/\/www.hermes-sp.eu\/wp-content\/uploads\/2020\/11\/Gray-Hashtag-Flatlay-Coffee-Facebook-Post-768x644.png 768w, https:\/\/www.hermes-sp.eu\/wp-content\/uploads\/2020\/11\/Gray-Hashtag-Flatlay-Coffee-Facebook-Post.png 940w\" sizes=\"auto, (max-width: 300px) 100vw, 300px\" \/>arted\u00ec 24 novembre ore 11:20<\/em><\/p>\n<p dir=\"auto\"><strong>RADAR &#8211; SEGNALI DALLA SCIENZA, DALLA CULTURA, DALLA SOCIET\u00c0<\/strong>&nbsp;<\/p>\n<p dir=\"auto\" style=\"text-align: justify;\">Fabrizio Fiore, dell\u2019<a href=\"http:\/\/www.oats.inaf.it\/index.php\/it\/\">INAF-Osservatorio Astronomico di Trieste<\/a> e Hermes-SP Scientific Coordinator parler\u00e0 in diretta della nuova era dell\u2019esplorazione spaziale.<\/p>\n<p dir=\"auto\" style=\"text-align: justify;\">Perch\u00e9 se lo spazio \u00e8 stato a lungo riserva di poche grandi agenzie e industrie, ora \u00e8 diventato un\u2019arena che vede in azione migliaia di attori, industrie grandi, medie e piccole, universit\u00e0 e centri di ricerca, e nuovi Paesi che si lanciano per la prima volta nello spazio.<\/p>\n<p dir=\"auto\">Segui la diretta: <a class=\"oajrlxb2 g5ia77u1 qu0x051f esr5mh6w e9989ue4 r7d6kgcz rq0escxv nhd2j8a9 nc684nl6 p7hjln8o kvgmc6g5 cxmmr5t8 oygrvhab hcukyx3x jb3vyjys rz4wbd8a qt6c0cv9 a8nywdso i1ao9s8h esuyzwwr f1sip0of lzcic4wl py34i1dx gpro0wi8\" tabindex=\"0\" role=\"link\" href=\"https:\/\/l.facebook.com\/l.php?u=https%3A%2F%2Fbit.ly%2F397gPnS%3Ffbclid%3DIwAR1vgt9LPh7Jdhu80crKBpVuwuMTMwyeTj0rIu9ordYkWe5xGg3UwQ1iajc&amp;h=AT3_FCwdMA5lDQ2ycn3HQ2Ch6dHvq3mF77Z4kEv1Eq5Ukrot2GMHpYqyP_1fJEgeAycLXb020uFMSOJBD5wK55hfpdxgHwCfzDKb3Fbp7qTHVtp95zN-nhU4zcoDXJgLnpgcGpg&amp;__tn__=-UK-R&amp;c[0]=AT2Ky8QrkD8SEDe61NOXEOBRE6npe3BW6qHFGlhyZsJkz6erV6LkL6NW4XZCX8YwVJShzhUTz1drkW97n2q4bALK3pkUYyd9cpHtjSVvUGuD8nE3v5uEwXprrybrEHDoXpcwYnwiR4lttSssHxV5KDomeEKeeDuvrSNrnJH1xxdmt1vT9GB3JDn8Wzm7JwPebBNtHjHpLlCpkzsiAckI\" target=\"_blank\" rel=\"nofollow noopener noreferrer\">https:\/\/bit.ly\/397gPnS<\/a><\/p>\n\n\n","protected":false},"excerpt":{"rendered":"<p>Ciclo di incontri divulgativi online su temi di astrofisica e spazio, in collaborazione con il progetto europeo HERMES. Marted\u00ec 27 aprile HERMES: a caccia dei segreti dell\u2019universo Fabrizio Fiore (INAF-Osservatorio Astronomico di Trieste),Pierluigi Bellutti (FBK) Marted\u00ec 11 maggio Le onde gravitazionali e le frontiere dello spazio-tempo Marica Branchesi (Gran Sasso Science Institute),Luciano Burderi (Universit\u00e0 di [&hellip;]<\/p>\n","protected":false},"author":2,"featured_media":0,"parent":0,"menu_order":1,"comment_status":"closed","ping_status":"closed","template":"","meta":{"cybocfi_hide_featured_image":"","footnotes":""},"class_list":["post-5560","page","type-page","status-publish","hentry"],"_links":{"self":[{"href":"https:\/\/www.hermes-sp.eu\/index.php?rest_route=\/wp\/v2\/pages\/5560","targetHints":{"allow":["GET"]}}],"collection":[{"href":"https:\/\/www.hermes-sp.eu\/index.php?rest_route=\/wp\/v2\/pages"}],"about":[{"href":"https:\/\/www.hermes-sp.eu\/index.php?rest_route=\/wp\/v2\/types\/page"}],"author":[{"embeddable":true,"href":"https:\/\/www.hermes-sp.eu\/index.php?rest_route=\/wp\/v2\/users\/2"}],"replies":[{"embeddable":true,"href":"https:\/\/www.hermes-sp.eu\/index.php?rest_route=%2Fwp%2Fv2%2Fcomments&post=5560"}],"version-history":[{"count":0,"href":"https:\/\/www.hermes-sp.eu\/index.php?rest_route=\/wp\/v2\/pages\/5560\/revisions"}],"wp:attachment":[{"href":"https:\/\/www.hermes-sp.eu\/index.php?rest_route=%2Fwp%2Fv2%2Fmedia&parent=5560"}],"curies":[{"name":"wp","href":"https:\/\/api.w.org\/{rel}","templated":true}]}}